{"id":211,"date":"2021-02-19T17:06:09","date_gmt":"2021-02-19T16:06:09","guid":{"rendered":"https:\/\/konrad.greilich.eu\/?page_id=211"},"modified":"2025-06-24T14:31:34","modified_gmt":"2025-06-24T12:31:34","slug":"publications","status":"publish","type":"page","link":"https:\/\/konrad.greilich.eu\/de\/publications\/","title":{"rendered":"Ver\u00f6ffentlichungen"},"content":{"rendered":"<h4 class=\"wp-block-heading has-text-align-center\" id=\"vier-wellen-digitaler-wahrungen-und-die-zukunft-des-geldes-2021\">Adapting Mintzberg\u2019s organizational theory to DeSci: the decentralized science pyramid framework (2024)<\/h4>\n\n\n\n<p class=\"has-text-align-center\">Welchen Einfluss haben dezentralen Organisationsformen auf die Finanzierung und Organisation von Wissenschaft &amp; Forschung? Bei der Beantwortung dieser Frage durfte ich Lukas Weidener et. al. letztes Jahr unterst\u00fctzen. Das Ergebnis <a href=\"https:\/\/www.frontiersin.org\/journals\/blockchain\/articles\/10.3389\/fbloc.2024.1513885\/full\" data-type=\"link\" data-id=\"https:\/\/www.frontiersin.org\/journals\/blockchain\/articles\/10.3389\/fbloc.2024.1513885\/full\">wurde nun bei Frontiers in Blockchain ver\u00f6ffentlicht <\/a>und kann endlich gelesen und diskutiert werden.<\/p>\n\n\n\n<p><\/p>\n\n\n\n<h4 class=\"wp-block-heading has-text-align-center\" id=\"vier-wellen-digitaler-wahrungen-und-die-zukunft-des-geldes-2021\">Dezentrale autonome Organisationen \u2013 Organisationsform der Zukunft? (2022 \u2013 Editor)<\/h4>\n\n\n\n<p class=\"has-text-align-center\">Ich hatte das Privileg, Chefredakteur der Schwerpunktausgabe von Rethinkinglaw zum Thema meines Herzens und meiner Dissertation, DAOs, zu sein. Nun ist die Ausgabe endlich fertig und ich bin wirklich ein bisschen stolz auf das Ergebnis. Mein Ziel war es, der breiten juristischen \u00d6ffentlichkeit einen tiefen Einblick in die Funktionsweise dieser neuen Organisationsform zu geben, konkrete Anwendungsf\u00e4lle vorzustellen und nicht nur die oft abstrakten juristischen Probleme zu behandeln. <\/p>\n\n\n\n<p class=\"has-text-align-center\">Auf dem Titelbild sehen Sie zahlreiche Jerrys, die gemeinsam versuchen, ein NBA-Team zu kaufen. Was genau Jerrys sind und warum sie ein NBA-Team kaufen wollen, erfahren Sie im Interview mit KrauseHouse-Erfinder Commodore. Du kannst <a rel=\"noreferrer noopener\" href=\"https:\/\/research.owlit.de\/document\/0df557a2-bb16-38ab-b924-a51641647c77\" target=\"_blank\">die Ausgabe hier erwerben.<\/a><\/p>\n\n\n\n<div style=\"height:20px\" aria-hidden=\"true\" class=\"wp-block-spacer\"><\/div>\n\n\n\n<h4 class=\"wp-block-heading has-text-align-center\" id=\"vier-wellen-digitaler-wahrungen-und-die-zukunft-des-geldes-2021\">Vier Wellen digitaler W\u00e4hrungen und die Zukunft des Geldes (2021)<\/h4>\n\n\n\n<p class=\"has-text-align-center\">Der Aufstieg der digitalen W\u00e4hrungen hat die Finanzwelt innerhalb k\u00fcrzester Zeit ver\u00e4ndert. Etablierte Gesch\u00e4ftsmodelle werden vor neue Herausforderungen gestellt. Oft wird die gesamte Entwicklung auf eine einzige Kryptow\u00e4hrung reduziert: Bitcoin. Doch seit dem Aufkommen dieser ersten digitalen W\u00e4hrung, die direkte Transaktionen zwischen Privatpersonen erm\u00f6glicht, sind zahlreiche weitere digitale W\u00e4hrungen entstanden. Dieses Strategiepapier skizziert die Entstehung der verschiedenen Arten von digitalen W\u00e4hrungen in vier Wellen und gibt politische Empfehlungen f\u00fcr die Gestaltung ihrer k\u00fcnftigen Entwicklung.  Sie k\u00f6nnen <a rel=\"noreferrer noopener\" href=\"https:\/\/shop.freiheit.org\/?fbclid=IwAR0FSt9VzO5fj7kYF3ukrKFU7L-D638p5IAdChGy3zq_JKJ-8LvAmjnajtg#!\/Publikation\/1171\" target=\"_blank\">den Artikel hier herunterladen<\/a> or the <a href=\"https:\/\/shop.freiheit.org\/#!\/Publikation\/1257\" data-type=\"link\" data-id=\"https:\/\/shop.freiheit.org\/#!\/Publikation\/1257\">update english<\/a><a rel=\"noreferrer noopener\" href=\"https:\/\/shop.freiheit.org\/#!\/Publikation\/1257\" data-type=\"link\" data-id=\"https:\/\/shop.freiheit.org\/#!\/Publikation\/1257\" target=\"_blank\"> <\/a><a href=\"https:\/\/shop.freiheit.org\/#!\/Publikation\/1257\" data-type=\"link\" data-id=\"https:\/\/shop.freiheit.org\/#!\/Publikation\/1257\">version<\/a> for free.<\/p>\n\n\n\n<div style=\"height:20px\" aria-hidden=\"true\" class=\"wp-block-spacer\"><\/div>\n\n\n\n<h4 class=\"wp-block-heading has-text-align-center\" id=\"smartcontracts-in-der-unternehmensleitung-2020\">SmartContracts in der Unternehmensleitung (2020)<\/h4>\n\n\n\n<p class=\"has-text-align-center\">Im Dezember 2020 war ich Referent bei der j\u00e4hrlichen juristischen Konferenz der <a rel=\"noreferrer noopener\" href=\"https:\/\/www.freiheit.org\/\" target=\"_blank\">Friedrich Naumann Stiftung f\u00fcr die Freiheit<\/a> und pr\u00e4sentierte mein Papier \u00fcber die Verwendung von intelligenten Vertr\u00e4gen zur Koordinierung unternehmensinterner Aktivit\u00e4ten. In dem Papier argumentiere ich, dass wir bestimmten Kombinationen von intelligenten Vertr\u00e4gen einen rechtlichen Status zugestehen sollten, um sie f\u00fcr Wohlfahrtsgewinne zu nutzen.  Der Vortrag ist im Konferenzband zu finden: <em>Mirko Andreas Bange: Rechtsfragen zum gesellschaftlichen und wirtschaftlichen Wandel im Jahr 2020 \u2013 Tagungsband Liberale Rechtstagung 2020, Cuvillier Verlag G\u00f6ttingen (2020), ISBN 978-3-7369-7295-7, S.49 \u2013 68.<\/em><\/p>\n\n\n\n<div style=\"height:20px\" aria-hidden=\"true\" class=\"wp-block-spacer\"><\/div>\n\n\n\n<h4 class=\"wp-block-heading has-text-align-center\" id=\"the-eu-directive-on-the-single-digital-market-and-its-influence-on-the-freedom-of-expression-2019\">The EU Directive on the Single Digital Market and its Influence on the Freedom of Expression (2019)<\/h4>\n\n\n\n<p class=\"has-text-align-center\">Dieser Artikel vom September 2019 befasst sich mit Artikel 15 (ehemals Artikel 17, bekannt als Uploadfilter) der (EU) Richtlinie 2019\/790 \u00fcber Urheberrecht und verwandte Schutzrechte im digitalen Binnenmarkt und dessen Einfluss auf die Meinungsfreiheit. Im Papier argumentiere ich, dass Artikel 15 zu einer impliziten Pflicht zum Einbau von automatische Filtertechnologie f\u00fcr Social-Media-Plattformen f\u00fchren wird, die die Meinungsfreiheit der Nutzer beeintr\u00e4chtigen werden. Sie k\u00f6nnen das Papier hier <a href=\"https:\/\/papers.ssrn.com\/sol3\/papers.cfm?abstract_id=3789062\" target=\"_blank\" rel=\"noreferrer noopener\"><strong>herunterladen.<\/strong><\/a>.<\/p>\n\n\n\n<div style=\"height:20px\" aria-hidden=\"true\" class=\"wp-block-spacer\"><\/div>\n\n\n\n<h4 class=\"wp-block-heading has-text-align-center\" id=\"sollte-ein-halbvermogensschonung-bei-existenzbedrohenden-haftungsgefahren-fur-vorstande-zulassig-sein-2017\">Sollte ein Halbverm\u00f6gensschonung bei existenzbedrohenden Haftungsgefahren f\u00fcr Vorst\u00e4nde zul\u00e4ssig sein? (2017)<\/h4>\n\n\n\n<p class=\"has-text-align-center translation-block\">Die Arbeit befasst sich mit der Frage, ob ein Halbverm\u00f6gensschutz f\u00fcr Organmitglieder bei existenzbedrohenden Haftungsrisiken zul\u00e4ssig sein sollte. Ich habe die Instrumente der funktionalen Gesellschaftsrechtstheorie verwendet, um den Einfluss der Haftungsdurchsetzung auf das Verhalten von Managern zu beurteilen. Sie k\u00f6nnen die Publikation <strong><a href=\"https:\/\/www.amazon.de\/-\/en\/Konrad-Greilich\/dp\/366897084X\/ref=sr_1_1?dchild=1&amp;qid=1613746199&amp;refinements=p_27Konrad+Greilich&amp;s=books&amp;sr=1-1&amp;text=Konrad+Greilich\" target=\"_blank\" rel=\"noreferrer noopener\">hier<\/a><\/strong> erwerben.<\/p>\n\n\n\n<div style=\"height:20px\" aria-hidden=\"true\" class=\"wp-block-spacer\"><\/div>\n\n\n\n<h4 class=\"wp-block-heading has-text-align-center\" id=\"reputation-als-grundlage-von-vorstandsentscheidungen-bei-der-aktiengesellschaft-2015\">Reputation als Grundlage von Vorstandsentscheidungen bei der Aktiengesellschaft (2015)<\/h4>\n\n\n\n<p class=\"has-text-align-center\">Der Beitrag befasst sich mit der Aufnahme von Reputation als Entscheidungskriterium f\u00fcr das Management von Aktiengesellschaften. Darin argumentiere ich, dass Vorst\u00e4nde die Reputation des Unternehmens ber\u00fccksichtigen sollten und vielleicht auch m\u00fcssen und dass die Entscheidungsfindung auf Basis von Reputationsfaktoren durch die Business Judgement Rule abgedeckt ist. Sie k\u00f6nnen die Publikation hier <strong><a href=\"https:\/\/www.amazon.de\/-\/en\/Konrad-Greilich\/dp\/3668444471\/ref=sr_1_2?dchild=1&amp;keywords=konrad+greilich&amp;qid=1613730600&amp;sr=8-2\" target=\"_blank\" rel=\"noreferrer noopener\">herunterladen.<\/a><\/strong>.<\/p>","protected":false},"excerpt":{"rendered":"<p>Adapting Mintzberg\u2019s organizational theory to DeSci: the decentralized science pyramid framework (2024) What influence do decentralised forms of organisation have on the financing and organisation of science &amp; research? I was able to support Lukas Weidener and others in answering this question last year. The result has now been published on Frontiers in Blockchain and [&hellip;]<\/p>\n","protected":false},"author":2,"featured_media":0,"parent":0,"menu_order":0,"comment_status":"closed","ping_status":"closed","template":"","meta":{"footnotes":""},"class_list":["post-211","page","type-page","status-publish","hentry"],"_links":{"self":[{"href":"https:\/\/konrad.greilich.eu\/de\/wp-json\/wp\/v2\/pages\/211","targetHints":{"allow":["GET"]}}],"collection":[{"href":"https:\/\/konrad.greilich.eu\/de\/wp-json\/wp\/v2\/pages"}],"about":[{"href":"https:\/\/konrad.greilich.eu\/de\/wp-json\/wp\/v2\/types\/page"}],"author":[{"embeddable":true,"href":"https:\/\/konrad.greilich.eu\/de\/wp-json\/wp\/v2\/users\/2"}],"replies":[{"embeddable":true,"href":"https:\/\/konrad.greilich.eu\/de\/wp-json\/wp\/v2\/comments?post=211"}],"version-history":[{"count":34,"href":"https:\/\/konrad.greilich.eu\/de\/wp-json\/wp\/v2\/pages\/211\/revisions"}],"predecessor-version":[{"id":767,"href":"https:\/\/konrad.greilich.eu\/de\/wp-json\/wp\/v2\/pages\/211\/revisions\/767"}],"wp:attachment":[{"href":"https:\/\/konrad.greilich.eu\/de\/wp-json\/wp\/v2\/media?parent=211"}],"curies":[{"name":"wp","href":"https:\/\/api.w.org\/{rel}","templated":true}]}}