{"id":293,"date":"2021-02-19T19:48:35","date_gmt":"2021-02-19T18:48:35","guid":{"rendered":"https:\/\/konrad.greilich.eu\/?page_id=293"},"modified":"2025-06-24T14:32:37","modified_gmt":"2025-06-24T12:32:37","slug":"get-in-touch","status":"publish","type":"page","link":"https:\/\/konrad.greilich.eu\/de\/get-in-touch\/","title":{"rendered":"Kontakt"},"content":{"rendered":"<p>Schreiben Sie mir ihr Anliegen in einer <a href=\"mailto:inquires@greilich.eu?subject=inquiry\">E.Mail<\/a>. <\/p>\n\n\n\n<h4 class=\"wp-block-heading\">Sie m\u00f6chten vertraulich sprechen?<\/h4>\n\n\n\n<p>F\u00fcr vertrauliche Anliegen bitte den \u00f6ffentlichen Schl\u00fcssel an inquires@greilich.eu senden. <\/p>","protected":false},"excerpt":{"rendered":"<p>For any inquires please write me an e-mail. Talk in private? If you want to communicate privately and use end-to-end encryption sent your public key to inquires@greilich.eu and I&#8217;ll be in touch.<\/p>","protected":false},"author":2,"featured_media":0,"parent":0,"menu_order":0,"comment_status":"closed","ping_status":"closed","template":"","meta":{"footnotes":""},"class_list":["post-293","page","type-page","status-publish","hentry"],"_links":{"self":[{"href":"https:\/\/konrad.greilich.eu\/de\/wp-json\/wp\/v2\/pages\/293","targetHints":{"allow":["GET"]}}],"collection":[{"href":"https:\/\/konrad.greilich.eu\/de\/wp-json\/wp\/v2\/pages"}],"about":[{"href":"https:\/\/konrad.greilich.eu\/de\/wp-json\/wp\/v2\/types\/page"}],"author":[{"embeddable":true,"href":"https:\/\/konrad.greilich.eu\/de\/wp-json\/wp\/v2\/users\/2"}],"replies":[{"embeddable":true,"href":"https:\/\/konrad.greilich.eu\/de\/wp-json\/wp\/v2\/comments?post=293"}],"version-history":[{"count":7,"href":"https:\/\/konrad.greilich.eu\/de\/wp-json\/wp\/v2\/pages\/293\/revisions"}],"predecessor-version":[{"id":427,"href":"https:\/\/konrad.greilich.eu\/de\/wp-json\/wp\/v2\/pages\/293\/revisions\/427"}],"wp:attachment":[{"href":"https:\/\/konrad.greilich.eu\/de\/wp-json\/wp\/v2\/media?parent=293"}],"curies":[{"name":"wp","href":"https:\/\/api.w.org\/{rel}","templated":true}]}}