{"id":306,"date":"2021-02-20T17:11:26","date_gmt":"2021-02-20T16:11:26","guid":{"rendered":"https:\/\/konrad.greilich.eu\/?page_id=306"},"modified":"2025-06-24T15:55:44","modified_gmt":"2025-06-24T13:55:44","slug":"home","status":"publish","type":"page","link":"https:\/\/konrad.greilich.eu\/de\/","title":{"rendered":""},"content":{"rendered":"<div class=\"wp-block-query is-layout-flow wp-block-query-is-layout-flow\"><ul class=\"wp-block-post-template is-layout-flow wp-block-post-template-is-layout-flow\"><li class=\"wp-block-post post-752 post type-post status-publish format-standard has-post-thumbnail hentry category-allgemein\">\n<h2 class=\"has-text-align-left wp-block-post-title has-medium-font-size\"><a href=\"https:\/\/konrad.greilich.eu\/de\/2025\/01\/03\/published-decentralized-science-pyramid-framework\/\" target=\"_self\" >Newest paper on the &#8220;Decentralized science pyramid framework&#8221; published in Frontiers in Blockchain<\/a><\/h2>\n\n<figure style=\"aspect-ratio:4\/3;\" class=\"alignwide wp-block-post-featured-image\"><a href=\"https:\/\/konrad.greilich.eu\/de\/2025\/01\/03\/published-decentralized-science-pyramid-framework\/\" target=\"_self\"  ><img loading=\"lazy\" decoding=\"async\" width=\"1322\" height=\"728\" src=\"https:\/\/konrad.greilich.eu\/wp-content\/uploads\/2025\/03\/Screenshot-2025-03-18-at-20.35.27.png\" class=\"attachment-full size-full wp-post-image\" alt=\"Newest paper on the &#8220;Decentralized science pyramid framework&#8221; published in Frontiers in Blockchain\" style=\"width:100%;height:100%;object-fit:contain;\" srcset=\"https:\/\/konrad.greilich.eu\/wp-content\/uploads\/2025\/03\/Screenshot-2025-03-18-at-20.35.27.png 1322w, https:\/\/konrad.greilich.eu\/wp-content\/uploads\/2025\/03\/Screenshot-2025-03-18-at-20.35.27-300x165.png 300w, https:\/\/konrad.greilich.eu\/wp-content\/uploads\/2025\/03\/Screenshot-2025-03-18-at-20.35.27-1024x564.png 1024w, https:\/\/konrad.greilich.eu\/wp-content\/uploads\/2025\/03\/Screenshot-2025-03-18-at-20.35.27-768x423.png 768w, https:\/\/konrad.greilich.eu\/wp-content\/uploads\/2025\/03\/Screenshot-2025-03-18-at-20.35.27-18x10.png 18w\" sizes=\"auto, (max-width: 1322px) 100vw, 1322px\" \/><\/a><\/figure>\n\n<div class=\"wp-block-post-excerpt has-small-font-size\"><p class=\"wp-block-post-excerpt__excerpt\">What influence do decentralised forms of organisation have on the financing and organisation of science &amp; research? I was able to support Lukas Weidener and others in answering this&hellip;<\/p><p class=\"wp-block-post-excerpt__more-text\"><a class=\"wp-block-post-excerpt__more-link\" href=\"https:\/\/konrad.greilich.eu\/de\/2025\/01\/03\/published-decentralized-science-pyramid-framework\/\">continue<\/a><\/p><\/div>\n\n\n<hr class=\"wp-block-separator has-text-color has-black-color has-alpha-channel-opacity has-black-background-color has-background is-style-dots\"\/>\n\n<\/li><li class=\"wp-block-post post-746 post type-post status-publish format-standard has-post-thumbnail hentry category-allgemein tag-bitcoin tag-civil-rights tag-digital-asset tag-governance tag-platform tag-politics tag-privacy tag-token tag-trust\">\n<h2 class=\"has-text-align-left wp-block-post-title has-medium-font-size\"><a href=\"https:\/\/konrad.greilich.eu\/de\/2024\/12\/04\/legal-dialog-on-digital-rights-assets-in-hanoi\/\" target=\"_self\" >Delegation to Hanoi: Legal Dialog on Digital Rights &amp; Assets in Vietnam &amp; Germany<\/a><\/h2>\n\n<figure style=\"aspect-ratio:4\/3;\" class=\"alignwide wp-block-post-featured-image\"><a href=\"https:\/\/konrad.greilich.eu\/de\/2024\/12\/04\/legal-dialog-on-digital-rights-assets-in-hanoi\/\" target=\"_self\"  ><img loading=\"lazy\" decoding=\"async\" width=\"2560\" height=\"1707\" src=\"https:\/\/konrad.greilich.eu\/wp-content\/uploads\/2025\/03\/BW__5147-scaled.jpg\" class=\"attachment-full size-full wp-post-image\" alt=\"Delegation to Hanoi: Legal Dialog on Digital Rights &amp; Assets in Vietnam &amp; Germany\" style=\"width:100%;height:100%;object-fit:contain;\" srcset=\"https:\/\/konrad.greilich.eu\/wp-content\/uploads\/2025\/03\/BW__5147-scaled.jpg 2560w, https:\/\/konrad.greilich.eu\/wp-content\/uploads\/2025\/03\/BW__5147-300x200.jpg 300w, https:\/\/konrad.greilich.eu\/wp-content\/uploads\/2025\/03\/BW__5147-1024x683.jpg 1024w, https:\/\/konrad.greilich.eu\/wp-content\/uploads\/2025\/03\/BW__5147-768x512.jpg 768w, https:\/\/konrad.greilich.eu\/wp-content\/uploads\/2025\/03\/BW__5147-1536x1024.jpg 1536w, https:\/\/konrad.greilich.eu\/wp-content\/uploads\/2025\/03\/BW__5147-2048x1365.jpg 2048w, https:\/\/konrad.greilich.eu\/wp-content\/uploads\/2025\/03\/BW__5147-18x12.jpg 18w\" sizes=\"auto, (max-width: 2560px) 100vw, 2560px\" \/><\/a><\/figure>\n\n<div class=\"wp-block-post-excerpt has-small-font-size\"><p class=\"wp-block-post-excerpt__excerpt\">In mid-November 2024, I was invited by the Friedrich Naumann Foundation for Freedom to take part in two workshops in Hanoi as part of the rule of law dialog&hellip;<\/p><p class=\"wp-block-post-excerpt__more-text\"><a class=\"wp-block-post-excerpt__more-link\" href=\"https:\/\/konrad.greilich.eu\/de\/2024\/12\/04\/legal-dialog-on-digital-rights-assets-in-hanoi\/\">continue<\/a><\/p><\/div>\n\n\n<hr class=\"wp-block-separator has-text-color has-black-color has-alpha-channel-opacity has-black-background-color has-background is-style-dots\"\/>\n\n<\/li><li class=\"wp-block-post post-739 post type-post status-publish format-standard has-post-thumbnail hentry category-israel category-legal category-techlaw tag-israel tag-politics\">\n<h2 class=\"has-text-align-left wp-block-post-title has-medium-font-size\"><a href=\"https:\/\/konrad.greilich.eu\/de\/2024\/10\/09\/speaking-at-from-silcon-wadi-to-berlin-on-15-10-24\/\" target=\"_self\" >Panelist bei \u201eVom Silcon Wadi nach Berlin\u201c am 15.10.24<\/a><\/h2>\n\n<figure style=\"aspect-ratio:4\/3;\" class=\"alignwide wp-block-post-featured-image\"><a href=\"https:\/\/konrad.greilich.eu\/de\/2024\/10\/09\/speaking-at-from-silcon-wadi-to-berlin-on-15-10-24\/\" target=\"_self\"  ><img loading=\"lazy\" decoding=\"async\" width=\"1000\" height=\"1034\" src=\"https:\/\/konrad.greilich.eu\/wp-content\/uploads\/2024\/10\/1729690272869-e1747048441925.jpeg\" class=\"attachment-full size-full wp-post-image\" alt=\"Speaking at &#8220;From Silcon Wadi to Berlin&#8221; on 15\/10\/24\" style=\"width:100%;height:100%;object-fit:contain;\" srcset=\"https:\/\/konrad.greilich.eu\/wp-content\/uploads\/2024\/10\/1729690272869-e1747048441925.jpeg 1000w, https:\/\/konrad.greilich.eu\/wp-content\/uploads\/2024\/10\/1729690272869-e1747048441925-290x300.jpeg 290w, https:\/\/konrad.greilich.eu\/wp-content\/uploads\/2024\/10\/1729690272869-e1747048441925-990x1024.jpeg 990w, https:\/\/konrad.greilich.eu\/wp-content\/uploads\/2024\/10\/1729690272869-e1747048441925-768x794.jpeg 768w, https:\/\/konrad.greilich.eu\/wp-content\/uploads\/2024\/10\/1729690272869-e1747048441925-12x12.jpeg 12w\" sizes=\"auto, (max-width: 1000px) 100vw, 1000px\" \/><\/a><\/figure>\n\n<div class=\"wp-block-post-excerpt has-small-font-size\"><p class=\"wp-block-post-excerpt__excerpt\">I have been invited by the Friedrich Naumann Foundation for Freedom and the European Leadership Network (ELNET) to join Karl-Heinz Paqu\u00e9, Carsten Ovens, Daniela Oliel \ud83c\udf97\ufe0f, Dr. Sophie Chung&hellip;<\/p><p class=\"wp-block-post-excerpt__more-text\"><a class=\"wp-block-post-excerpt__more-link\" href=\"https:\/\/konrad.greilich.eu\/de\/2024\/10\/09\/speaking-at-from-silcon-wadi-to-berlin-on-15-10-24\/\">continue<\/a><\/p><\/div>\n\n\n<hr class=\"wp-block-separator has-text-color has-black-color has-alpha-channel-opacity has-black-background-color has-background is-style-dots\"\/>\n\n<\/li><li class=\"wp-block-post post-712 post type-post status-publish format-standard has-post-thumbnail hentry category-decentralization category-finance category-platforms category-techlaw tag-aia tag-bitcoin tag-blockchain tag-cbdc tag-crypto tag-dma tag-dsa tag-euro tag-innovation tag-platform tag-politics tag-privacy tag-technology\">\n<h2 class=\"has-text-align-left wp-block-post-title has-medium-font-size\"><a href=\"https:\/\/konrad.greilich.eu\/de\/2023\/11\/01\/der-brussel-effekt-alleine-reicht-nicht\/\" target=\"_self\" >Speaking at European House in Berlin: The &#8220;Brussels effect&#8221; alone is not enough.<\/a><\/h2>\n\n<figure style=\"aspect-ratio:4\/3;\" class=\"alignwide wp-block-post-featured-image\"><a href=\"https:\/\/konrad.greilich.eu\/de\/2023\/11\/01\/der-brussel-effekt-alleine-reicht-nicht\/\" target=\"_self\"  ><img loading=\"lazy\" decoding=\"async\" width=\"1677\" height=\"886\" src=\"https:\/\/konrad.greilich.eu\/wp-content\/uploads\/2024\/02\/Screenshot-2024-02-28-at-15.10.18.png\" class=\"attachment-full size-full wp-post-image\" alt=\"Speaking at European House in Berlin: The &#8220;Brussels effect&#8221; alone is not enough.\" style=\"width:100%;height:100%;object-fit:contain;\" srcset=\"https:\/\/konrad.greilich.eu\/wp-content\/uploads\/2024\/02\/Screenshot-2024-02-28-at-15.10.18.png 1677w, https:\/\/konrad.greilich.eu\/wp-content\/uploads\/2024\/02\/Screenshot-2024-02-28-at-15.10.18-300x158.png 300w, https:\/\/konrad.greilich.eu\/wp-content\/uploads\/2024\/02\/Screenshot-2024-02-28-at-15.10.18-1024x541.png 1024w, https:\/\/konrad.greilich.eu\/wp-content\/uploads\/2024\/02\/Screenshot-2024-02-28-at-15.10.18-768x406.png 768w, https:\/\/konrad.greilich.eu\/wp-content\/uploads\/2024\/02\/Screenshot-2024-02-28-at-15.10.18-1536x812.png 1536w, https:\/\/konrad.greilich.eu\/wp-content\/uploads\/2024\/02\/Screenshot-2024-02-28-at-15.10.18-18x10.png 18w\" sizes=\"auto, (max-width: 1677px) 100vw, 1677px\" \/><\/a><\/figure>\n\n<div class=\"wp-block-post-excerpt has-small-font-size\"><p class=\"wp-block-post-excerpt__excerpt\">In October, I was invited by Sergey Lagodinskyto discuss the geopolitical dimension and effects of technological competition with Dr. Janka Oertel and Dr. Dimitrios Argirakos at the Europa Haus&hellip;<\/p><p class=\"wp-block-post-excerpt__more-text\"><a class=\"wp-block-post-excerpt__more-link\" href=\"https:\/\/konrad.greilich.eu\/de\/2023\/11\/01\/der-brussel-effekt-alleine-reicht-nicht\/\">continue<\/a><\/p><\/div>\n\n\n<hr class=\"wp-block-separator has-text-color has-black-color has-alpha-channel-opacity has-black-background-color has-background is-style-dots\"\/>\n\n<\/li><li class=\"wp-block-post post-684 post type-post status-publish format-standard has-post-thumbnail hentry category-decentralization category-legal category-personal category-techlaw\">\n<h2 class=\"has-text-align-left wp-block-post-title has-medium-font-size\"><a href=\"https:\/\/konrad.greilich.eu\/de\/2022\/08\/17\/editor-in-chief-for-rethinkinglaw-magazin-on-daos\/\" target=\"_self\" >Editor-in-Chief for Rethinkinglaw Magazin on DAOs<\/a><\/h2>\n\n<figure style=\"aspect-ratio:4\/3;\" class=\"alignwide wp-block-post-featured-image\"><a href=\"https:\/\/konrad.greilich.eu\/de\/2022\/08\/17\/editor-in-chief-for-rethinkinglaw-magazin-on-daos\/\" target=\"_self\"  ><img loading=\"lazy\" decoding=\"async\" width=\"582\" height=\"823\" src=\"https:\/\/konrad.greilich.eu\/wp-content\/uploads\/2022\/08\/Cover.jpeg\" class=\"attachment-full size-full wp-post-image\" alt=\"Editor-in-Chief for Rethinkinglaw Magazin on DAOs\" style=\"width:100%;height:100%;object-fit:contain;\" srcset=\"https:\/\/konrad.greilich.eu\/wp-content\/uploads\/2022\/08\/Cover.jpeg 582w, https:\/\/konrad.greilich.eu\/wp-content\/uploads\/2022\/08\/Cover-212x300.jpeg 212w, https:\/\/konrad.greilich.eu\/wp-content\/uploads\/2022\/08\/Cover-8x12.jpeg 8w\" sizes=\"auto, (max-width: 582px) 100vw, 582px\" \/><\/a><\/figure>\n\n<div class=\"wp-block-post-excerpt has-small-font-size\"><p class=\"wp-block-post-excerpt__excerpt\">In the last few months, I had the privilege of being the editor-in-chief of the focus issue of Rethinkinglaw on the topic of my heart and dissertation, DAOs. Now&hellip;<\/p><p class=\"wp-block-post-excerpt__more-text\"><a class=\"wp-block-post-excerpt__more-link\" href=\"https:\/\/konrad.greilich.eu\/de\/2022\/08\/17\/editor-in-chief-for-rethinkinglaw-magazin-on-daos\/\">continue<\/a><\/p><\/div>\n\n\n<hr class=\"wp-block-separator has-text-color has-black-color has-alpha-channel-opacity has-black-background-color has-background is-style-dots\"\/>\n\n<\/li><li class=\"wp-block-post post-678 post type-post status-publish format-standard has-post-thumbnail hentry category-english category-platforms category-techlaw tag-civil-rights tag-politics tag-speech tag-trust\">\n<h2 class=\"has-text-align-left wp-block-post-title has-medium-font-size\"><a href=\"https:\/\/konrad.greilich.eu\/de\/2022\/07\/21\/the-propaganda-dilemma-of-democracies\/\" target=\"_self\" >The Propaganda Dilemma of Democracies<\/a><\/h2>\n\n<figure style=\"aspect-ratio:4\/3;\" class=\"alignwide wp-block-post-featured-image\"><a href=\"https:\/\/konrad.greilich.eu\/de\/2022\/07\/21\/the-propaganda-dilemma-of-democracies\/\" target=\"_self\"  ><img loading=\"lazy\" decoding=\"async\" width=\"1496\" height=\"1190\" src=\"https:\/\/konrad.greilich.eu\/wp-content\/uploads\/2022\/07\/Screenshot-2022-07-21-at-12.06.06.png\" class=\"attachment-full size-full wp-post-image\" alt=\"The Propaganda Dilemma of Democracies\" style=\"width:100%;height:100%;object-fit:contain;\" srcset=\"https:\/\/konrad.greilich.eu\/wp-content\/uploads\/2022\/07\/Screenshot-2022-07-21-at-12.06.06.png 1496w, https:\/\/konrad.greilich.eu\/wp-content\/uploads\/2022\/07\/Screenshot-2022-07-21-at-12.06.06-300x239.png 300w, https:\/\/konrad.greilich.eu\/wp-content\/uploads\/2022\/07\/Screenshot-2022-07-21-at-12.06.06-1024x815.png 1024w, https:\/\/konrad.greilich.eu\/wp-content\/uploads\/2022\/07\/Screenshot-2022-07-21-at-12.06.06-768x611.png 768w, https:\/\/konrad.greilich.eu\/wp-content\/uploads\/2022\/07\/Screenshot-2022-07-21-at-12.06.06-15x12.png 15w\" sizes=\"auto, (max-width: 1496px) 100vw, 1496px\" \/><\/a><\/figure>\n\n<div class=\"wp-block-post-excerpt has-small-font-size\"><p class=\"wp-block-post-excerpt__excerpt\">Did you know that RT is the second most shared Spanish-language \u201cinformation source\u201d?\u00a0In my guest commentary for the\u00a0FNF EU\u00a0I identify a Propaganda Dilemma for democracies. While authoritarian states brazenly&hellip;<\/p><p class=\"wp-block-post-excerpt__more-text\"><a class=\"wp-block-post-excerpt__more-link\" href=\"https:\/\/konrad.greilich.eu\/de\/2022\/07\/21\/the-propaganda-dilemma-of-democracies\/\">continue<\/a><\/p><\/div>\n\n\n<hr class=\"wp-block-separator has-text-color has-black-color has-alpha-channel-opacity has-black-background-color has-background is-style-dots\"\/>\n\n<\/li><li class=\"wp-block-post post-663 post type-post status-publish format-standard has-post-thumbnail hentry category-cryptonews category-decentralization category-english category-finance tag-bitcoin tag-cbdc tag-crypto tag-ethereum tag-euro tag-trust\">\n<h2 class=\"has-text-align-left wp-block-post-title has-medium-font-size\"><a href=\"https:\/\/konrad.greilich.eu\/de\/2022\/06\/29\/four-waves-of-the-digital-currency-and-the-future-money\/\" target=\"_self\" >Four waves of digital currency and the future money<\/a><\/h2>\n\n<figure style=\"aspect-ratio:4\/3;\" class=\"alignwide wp-block-post-featured-image\"><a href=\"https:\/\/konrad.greilich.eu\/de\/2022\/06\/29\/four-waves-of-the-digital-currency-and-the-future-money\/\" target=\"_self\"  ><img loading=\"lazy\" decoding=\"async\" width=\"850\" height=\"652\" src=\"https:\/\/konrad.greilich.eu\/wp-content\/uploads\/2022\/06\/Screenshot-2022-06-10-at-18.40.05.png\" class=\"attachment-full size-full wp-post-image\" alt=\"Four waves of digital currency and the future money\" style=\"width:100%;height:100%;object-fit:contain;\" srcset=\"https:\/\/konrad.greilich.eu\/wp-content\/uploads\/2022\/06\/Screenshot-2022-06-10-at-18.40.05.png 850w, https:\/\/konrad.greilich.eu\/wp-content\/uploads\/2022\/06\/Screenshot-2022-06-10-at-18.40.05-300x230.png 300w, https:\/\/konrad.greilich.eu\/wp-content\/uploads\/2022\/06\/Screenshot-2022-06-10-at-18.40.05-768x589.png 768w, https:\/\/konrad.greilich.eu\/wp-content\/uploads\/2022\/06\/Screenshot-2022-06-10-at-18.40.05-16x12.png 16w\" sizes=\"auto, (max-width: 850px) 100vw, 850px\" \/><\/a><\/figure>\n\n<div class=\"wp-block-post-excerpt has-small-font-size\"><p class=\"wp-block-post-excerpt__excerpt\">Perfect read for the start of the crypto winter! Super happy that the updated and English Version of Sven Hilgers and my paper on the different development waves of&hellip;<\/p><p class=\"wp-block-post-excerpt__more-text\"><a class=\"wp-block-post-excerpt__more-link\" href=\"https:\/\/konrad.greilich.eu\/de\/2022\/06\/29\/four-waves-of-the-digital-currency-and-the-future-money\/\">continue<\/a><\/p><\/div>\n\n\n<hr class=\"wp-block-separator has-text-color has-black-color has-alpha-channel-opacity has-black-background-color has-background is-style-dots\"\/>\n\n<\/li><li class=\"wp-block-post post-654 post type-post status-publish format-standard has-post-thumbnail hentry category-allgemein category-cryptonews category-decentralization category-legal tag-bitcoin tag-politics\">\n<h2 class=\"has-text-align-left wp-block-post-title has-medium-font-size\"><a href=\"https:\/\/konrad.greilich.eu\/de\/2022\/04\/27\/crypto-talk-with-freiheit-org\/\" target=\"_self\" >Crypto-Talk with Freiheit.org<\/a><\/h2>\n\n<figure style=\"aspect-ratio:4\/3;\" class=\"alignwide wp-block-post-featured-image\"><a href=\"https:\/\/konrad.greilich.eu\/de\/2022\/04\/27\/crypto-talk-with-freiheit-org\/\" target=\"_self\"  ><img loading=\"lazy\" decoding=\"async\" width=\"1898\" height=\"1070\" src=\"https:\/\/konrad.greilich.eu\/wp-content\/uploads\/2022\/04\/FNF-Talk.jpeg\" class=\"attachment-full size-full wp-post-image\" alt=\"Crypto-Talk with Freiheit.org\" style=\"width:100%;height:100%;object-fit:contain;\" srcset=\"https:\/\/konrad.greilich.eu\/wp-content\/uploads\/2022\/04\/FNF-Talk.jpeg 1898w, https:\/\/konrad.greilich.eu\/wp-content\/uploads\/2022\/04\/FNF-Talk-300x169.jpeg 300w, https:\/\/konrad.greilich.eu\/wp-content\/uploads\/2022\/04\/FNF-Talk-1024x577.jpeg 1024w, https:\/\/konrad.greilich.eu\/wp-content\/uploads\/2022\/04\/FNF-Talk-768x433.jpeg 768w, https:\/\/konrad.greilich.eu\/wp-content\/uploads\/2022\/04\/FNF-Talk-1536x866.jpeg 1536w, https:\/\/konrad.greilich.eu\/wp-content\/uploads\/2022\/04\/FNF-Talk-18x10.jpeg 18w\" sizes=\"auto, (max-width: 1898px) 100vw, 1898px\" \/><\/a><\/figure>\n\n<div class=\"wp-block-post-excerpt has-small-font-size\"><p class=\"wp-block-post-excerpt__excerpt\">Auf Einladung der Freidrich-Naumann-Stiftung f\u00fcr die Freiheit und Christoph Giesa durfte ich im M\u00e4rz \u00fcber die Kryptonutzung Weltweit sprechen und mit einigen Urban Legends rund um das Thema Krypto&hellip;<\/p><p class=\"wp-block-post-excerpt__more-text\"><a class=\"wp-block-post-excerpt__more-link\" href=\"https:\/\/konrad.greilich.eu\/de\/2022\/04\/27\/crypto-talk-with-freiheit-org\/\">continue<\/a><\/p><\/div>\n\n\n<hr class=\"wp-block-separator has-text-color has-black-color has-alpha-channel-opacity has-black-background-color has-background is-style-dots\"\/>\n\n<\/li><li class=\"wp-block-post post-593 post type-post status-publish format-standard has-post-thumbnail hentry category-decentralization category-finance category-legal category-techlaw tag-bitcoin tag-cbdc tag-euro tag-politics tag-trust\">\n<h2 class=\"has-text-align-left wp-block-post-title has-medium-font-size\"><a href=\"https:\/\/konrad.greilich.eu\/de\/2022\/01\/13\/vier-wellen-digitaler-wahrungen-und-die-zukunft-des-geldes\/\" target=\"_self\" >Vier Wellen digitaler W\u00e4hrungen und die Zukunft des Geldes<\/a><\/h2>\n\n<figure style=\"aspect-ratio:4\/3;\" class=\"alignwide wp-block-post-featured-image\"><a href=\"https:\/\/konrad.greilich.eu\/de\/2022\/01\/13\/vier-wellen-digitaler-wahrungen-und-die-zukunft-des-geldes\/\" target=\"_self\"  ><img loading=\"lazy\" decoding=\"async\" width=\"421\" height=\"595\" src=\"https:\/\/konrad.greilich.eu\/wp-content\/uploads\/2022\/01\/1171.jpg\" class=\"attachment-full size-full wp-post-image\" alt=\"Vier Wellen digitaler W\u00e4hrungen und die Zukunft des Geldes\" style=\"width:100%;height:100%;object-fit:contain;\" srcset=\"https:\/\/konrad.greilich.eu\/wp-content\/uploads\/2022\/01\/1171.jpg 421w, https:\/\/konrad.greilich.eu\/wp-content\/uploads\/2022\/01\/1171-212x300.jpg 212w\" sizes=\"auto, (max-width: 421px) 100vw, 421px\" \/><\/a><\/figure>\n\n<div class=\"wp-block-post-excerpt has-small-font-size\"><p class=\"wp-block-post-excerpt__excerpt\">Wieso gibt es Bitcoins, was ist eine Blockchain und brauchen wir einen digitalen Euro? Gemeinsam mit Sven Hilgers habe ich f\u00fcr die Friedrich-Naumann-Stiftung f\u00fcr die Freiheit ein Papier zu&hellip;<\/p><p class=\"wp-block-post-excerpt__more-text\"><a class=\"wp-block-post-excerpt__more-link\" href=\"https:\/\/konrad.greilich.eu\/de\/2022\/01\/13\/vier-wellen-digitaler-wahrungen-und-die-zukunft-des-geldes\/\">continue<\/a><\/p><\/div>\n\n\n<hr class=\"wp-block-separator has-text-color has-black-color has-alpha-channel-opacity has-black-background-color has-background is-style-dots\"\/>\n\n<\/li><\/ul><\/div>","protected":false},"excerpt":{"rendered":"","protected":false},"author":2,"featured_media":0,"parent":0,"menu_order":0,"comment_status":"closed","ping_status":"closed","template":"","meta":{"footnotes":""},"class_list":["post-306","page","type-page","status-publish","hentry"],"_links":{"self":[{"href":"https:\/\/konrad.greilich.eu\/de\/wp-json\/wp\/v2\/pages\/306","targetHints":{"allow":["GET"]}}],"collection":[{"href":"https:\/\/konrad.greilich.eu\/de\/wp-json\/wp\/v2\/pages"}],"about":[{"href":"https:\/\/konrad.greilich.eu\/de\/wp-json\/wp\/v2\/types\/page"}],"author":[{"embeddable":true,"href":"https:\/\/konrad.greilich.eu\/de\/wp-json\/wp\/v2\/users\/2"}],"replies":[{"embeddable":true,"href":"https:\/\/konrad.greilich.eu\/de\/wp-json\/wp\/v2\/comments?post=306"}],"version-history":[{"count":122,"href":"https:\/\/konrad.greilich.eu\/de\/wp-json\/wp\/v2\/pages\/306\/revisions"}],"predecessor-version":[{"id":891,"href":"https:\/\/konrad.greilich.eu\/de\/wp-json\/wp\/v2\/pages\/306\/revisions\/891"}],"wp:attachment":[{"href":"https:\/\/konrad.greilich.eu\/de\/wp-json\/wp\/v2\/media?parent=306"}],"curies":[{"name":"wp","href":"https:\/\/api.w.org\/{rel}","templated":true}]}}